{"id":475,"date":"2024-09-21T20:12:19","date_gmt":"2024-09-21T18:12:19","guid":{"rendered":"https:\/\/hoehenbalance.com\/?page_id=475"},"modified":"2024-09-21T20:55:28","modified_gmt":"2024-09-21T18:55:28","slug":"liefer-und-zahlungsbedingungen","status":"publish","type":"page","link":"https:\/\/hoehenbalance.com\/en\/liefer-und-zahlungsbedingungen\/","title":{"rendered":"Delivery &amp; Payment"},"content":{"rendered":"<p>General information about shipping:<\/p>\n\n\n\n<p>Minimum order value 50,\u2013 \u20ac, minimum order surcharge 4,90 \u20ac per<\/p>\n\n\n\n<h3 class=\"wp-block-heading\">Special information for shipping abroad:<\/h3>\n\n\n\n<p>For deliveries abroad, customs duties, taxes and fees may apply which are not included in the total price displayed.<\/p>\n\n\n\n<h2 class=\"wp-block-heading\">Countries we ship to:<\/h2>\n\n\n\n<figure class=\"wp-block-table\"><table class=\"has-fixed-layout\"><thead><tr><th><\/th><th>standard shipping costs<\/th><\/tr><\/thead><tbody><tr><td>Andorra<\/td><td>15,00 \u20ac<\/td><\/tr><tr><td>Netherlands<\/td><td>15,00 \u20ac<\/td><\/tr><tr><td>Liechtenstein<\/td><td>15,00 \u20ac<\/td><\/tr><tr><td>Lithuania<\/td><td>15,00 \u20ac<\/td><\/tr><tr><td>Luxembourg<\/td><td>15,00 \u20ac<\/td><\/tr><tr><td>Latvia<\/td><td>15,00 \u20ac<\/td><\/tr><tr><td>Monaco<\/td><td>15,00 \u20ac<\/td><\/tr><tr><td>Malta<\/td><td>15,00 \u20ac<\/td><\/tr><tr><td>Norway<\/td><td>15,00 \u20ac<\/td><\/tr><tr><td>Iceland<\/td><td>15,00 \u20ac<\/td><\/tr><tr><td>Poland<\/td><td>15,00 \u20ac<\/td><\/tr><tr><td>Portugal<\/td><td>15,00 \u20ac<\/td><\/tr><tr><td>Romania<\/td><td>15,00 \u20ac<\/td><\/tr><tr><td>Sweden<\/td><td>15,00 \u20ac<\/td><\/tr><tr><td>Slovenia<\/td><td>15,00 \u20ac<\/td><\/tr><tr><td>Slovakia<\/td><td>15,00 \u20ac<\/td><\/tr><tr><td>Italy<\/td><td>15,00 \u20ac<\/td><\/tr><tr><td>Ireland<\/td><td>15,00 \u20ac<\/td><\/tr><tr><td>Austria<\/td><td>8,90 \u20ac<\/td><\/tr><tr><td>Denmark<\/td><td>15,00 \u20ac<\/td><\/tr><tr><td>Belgium<\/td><td>15,00 \u20ac<\/td><\/tr><tr><td>Bulgaria<\/td><td>15,00 \u20ac<\/td><\/tr><tr><td>Switzerland<\/td><td>15,00 \u20ac<\/td><\/tr><tr><td>Cyprus<\/td><td>15,00 \u20ac<\/td><\/tr><tr><td>Czech Republic<\/td><td>15,00 \u20ac<\/td><\/tr><tr><td>Germany<\/td><td>8,90 \u20ac<\/td><\/tr><tr><td>Estonia<\/td><td>15,00 \u20ac<\/td><\/tr><tr><td>Hungary<\/td><td>15,00 \u20ac<\/td><\/tr><tr><td>Spain<\/td><td>15,00 \u20ac<\/td><\/tr><tr><td>Finland<\/td><td>15,00 \u20ac<\/td><\/tr><tr><td>France<\/td><td>15,00 \u20ac<\/td><\/tr><tr><td>United Kingdom<\/td><td>15,00 \u20ac<\/td><\/tr><tr><td>Greece<\/td><td>15,00 \u20ac<\/td><\/tr><tr><td>Croatia<\/td><td>15,00 \u20ac<\/td><\/tr><tr><td>San Marino<\/td><td>15,00 \u20ac<\/td><\/tr><\/tbody><\/table><\/figure>\n\n\n\n<h2 class=\"wp-block-heading\">Payment methods:<\/h2>\n\n\n\n<ul class=\"wp-block-list\">\n<li>By invoiceOnly available for existing customers.<br>For new customers 50% deposit, 50% upon delivery<\/li>\n\n\n\n<li>Against advance payment<\/li>\n\n\n\n<li>Upon pickup<\/li>\n<\/ul>","protected":false},"excerpt":{"rendered":"<p>General shipping information: Minimum order value \u20ac50.00, surcharge for small quantities \u20ac4.90 per item. Special information on international shipping: For deliveries abroad, customs duties, taxes, and fees may apply, which are not included in the total price displayed. Countries we ship to: Standard shipping costs: Andorra \u20ac15.00, Netherlands \u20ac15.00, Liechtenstein \u20ac15.00, Lithuania \u20ac15.00, Luxembourg \u20ac15.00.<\/p>","protected":false},"author":1,"featured_media":0,"parent":0,"menu_order":0,"comment_status":"closed","ping_status":"closed","template":"","meta":{"postBodyCss":"","postBodyMargin":[],"postBodyPadding":[],"postBodyBackground":{"backgroundType":"classic","gradient":""},"footnotes":""},"class_list":["post-475","page","type-page","status-publish","hentry"],"yoast_head":"<!-- This site is optimized with the Yoast SEO plugin v26.6 - https:\/\/yoast.com\/wordpress\/plugins\/seo\/ -->\n<title>Lieferung &amp; Zahlung - H\u00f6henbalance<\/title>\n<meta name=\"robots\" content=\"index, follow, max-snippet:-1, max-image-preview:large, max-video-preview:-1\" \/>\n<link rel=\"canonical\" href=\"https:\/\/hoehenbalance.com\/en\/liefer-und-zahlungsbedingungen\/\" \/>\n<meta property=\"og:locale\" content=\"en_US\" \/>\n<meta property=\"og:type\" content=\"article\" \/>\n<meta property=\"og:title\" content=\"Lieferung &amp; Zahlung - H\u00f6henbalance\" \/>\n<meta property=\"og:description\" content=\"Allgemeine Informationen zum Versand: Mindestbestllwert 50,\u2013 \u20ac, Mindermengenzuschlag 4,90 \u20ac pro Spezielle Hinweise zum Versand ins Ausland: Bei Lieferungen in das Ausland k\u00f6nnen Z\u00f6lle, Steuern und Geb\u00fchren anfallen, die im angezeigten Gesamtpreis nicht enthalten sind. L\u00e4nder, in die versendet wird: Standardversandkosten Andorra 15,00 \u20ac Niederlande 15,00 \u20ac Liechtenstein 15,00 \u20ac Litauen 15,00 \u20ac Luxemburg 15,00 [&hellip;]\" \/>\n<meta property=\"og:url\" content=\"https:\/\/hoehenbalance.com\/en\/liefer-und-zahlungsbedingungen\/\" \/>\n<meta property=\"og:site_name\" content=\"H\u00f6henbalance\" \/>\n<meta property=\"article:publisher\" content=\"https:\/\/www.facebook.com\/hoehenbalance\" \/>\n<meta property=\"article:modified_time\" content=\"2024-09-21T18:55:28+00:00\" \/>\n<meta name=\"twitter:card\" content=\"summary_large_image\" \/>\n<meta name=\"twitter:label1\" content=\"Est. reading time\" \/>\n\t<meta name=\"twitter:data1\" content=\"1 minute\" \/>\n<script type=\"application\/ld+json\" class=\"yoast-schema-graph\">{\"@context\":\"https:\/\/schema.org\",\"@graph\":[{\"@type\":\"WebPage\",\"@id\":\"https:\/\/hoehenbalance.com\/liefer-und-zahlungsbedingungen\/\",\"url\":\"https:\/\/hoehenbalance.com\/liefer-und-zahlungsbedingungen\/\",\"name\":\"Lieferung &amp; Zahlung - H\u00f6henbalance\",\"isPartOf\":{\"@id\":\"https:\/\/hoehenbalance.com\/#website\"},\"datePublished\":\"2024-09-21T18:12:19+00:00\",\"dateModified\":\"2024-09-21T18:55:28+00:00\",\"breadcrumb\":{\"@id\":\"https:\/\/hoehenbalance.com\/liefer-und-zahlungsbedingungen\/#breadcrumb\"},\"inLanguage\":\"en-US\",\"potentialAction\":[{\"@type\":\"ReadAction\",\"target\":[\"https:\/\/hoehenbalance.com\/liefer-und-zahlungsbedingungen\/\"]}]},{\"@type\":\"BreadcrumbList\",\"@id\":\"https:\/\/hoehenbalance.com\/liefer-und-zahlungsbedingungen\/#breadcrumb\",\"itemListElement\":[{\"@type\":\"ListItem\",\"position\":1,\"name\":\"Startseite\",\"item\":\"https:\/\/hoehenbalance.com\/\"},{\"@type\":\"ListItem\",\"position\":2,\"name\":\"Lieferung &amp; Zahlung\"}]},{\"@type\":\"WebSite\",\"@id\":\"https:\/\/hoehenbalance.com\/#website\",\"url\":\"https:\/\/hoehenbalance.com\/\",\"name\":\"H\u00f6henbalance\",\"description\":\"Wir trainieren deine Zellen mit Hilfe von H\u00f6henluft. Eine Methode, die erfolgreich im Spitzensport und der Therapie verschiedenster Krankheitsbildern eingesetzt wird.\",\"publisher\":{\"@id\":\"https:\/\/hoehenbalance.com\/#organization\"},\"potentialAction\":[{\"@type\":\"SearchAction\",\"target\":{\"@type\":\"EntryPoint\",\"urlTemplate\":\"https:\/\/hoehenbalance.com\/?s={search_term_string}\"},\"query-input\":{\"@type\":\"PropertyValueSpecification\",\"valueRequired\":true,\"valueName\":\"search_term_string\"}}],\"inLanguage\":\"en-US\"},{\"@type\":\"Organization\",\"@id\":\"https:\/\/hoehenbalance.com\/#organization\",\"name\":\"H\u00f6henbalance\",\"url\":\"https:\/\/hoehenbalance.com\/\",\"logo\":{\"@type\":\"ImageObject\",\"inLanguage\":\"en-US\",\"@id\":\"https:\/\/hoehenbalance.com\/#\/schema\/logo\/image\/\",\"url\":\"https:\/\/hoehenbalance.com\/wp-content\/uploads\/2024\/09\/logo_footer-1.png\",\"contentUrl\":\"https:\/\/hoehenbalance.com\/wp-content\/uploads\/2024\/09\/logo_footer-1.png\",\"width\":1000,\"height\":400,\"caption\":\"H\u00f6henbalance\"},\"image\":{\"@id\":\"https:\/\/hoehenbalance.com\/#\/schema\/logo\/image\/\"},\"sameAs\":[\"https:\/\/www.facebook.com\/hoehenbalance\",\"https:\/\/www.xing.com\/profile\/Harry_Mutschler\",\"https:\/\/www.instagram.com\/hoehenbalance\/\"]}]}<\/script>\n<!-- \/ Yoast SEO plugin. -->","yoast_head_json":{"title":"Delivery &amp; Payment - Height Balance","robots":{"index":"index","follow":"follow","max-snippet":"max-snippet:-1","max-image-preview":"max-image-preview:large","max-video-preview":"max-video-preview:-1"},"canonical":"https:\/\/hoehenbalance.com\/en\/liefer-und-zahlungsbedingungen\/","og_locale":"en_US","og_type":"article","og_title":"Lieferung &amp; Zahlung - H\u00f6henbalance","og_description":"Allgemeine Informationen zum Versand: Mindestbestllwert 50,\u2013 \u20ac, Mindermengenzuschlag 4,90 \u20ac pro Spezielle Hinweise zum Versand ins Ausland: Bei Lieferungen in das Ausland k\u00f6nnen Z\u00f6lle, Steuern und Geb\u00fchren anfallen, die im angezeigten Gesamtpreis nicht enthalten sind. L\u00e4nder, in die versendet wird: Standardversandkosten Andorra 15,00 \u20ac Niederlande 15,00 \u20ac Liechtenstein 15,00 \u20ac Litauen 15,00 \u20ac Luxemburg 15,00 [&hellip;]","og_url":"https:\/\/hoehenbalance.com\/en\/liefer-und-zahlungsbedingungen\/","og_site_name":"H\u00f6henbalance","article_publisher":"https:\/\/www.facebook.com\/hoehenbalance","article_modified_time":"2024-09-21T18:55:28+00:00","twitter_card":"summary_large_image","twitter_misc":{"Est. reading time":"1 minute"},"schema":{"@context":"https:\/\/schema.org","@graph":[{"@type":"WebPage","@id":"https:\/\/hoehenbalance.com\/liefer-und-zahlungsbedingungen\/","url":"https:\/\/hoehenbalance.com\/liefer-und-zahlungsbedingungen\/","name":"Delivery &amp; Payment - Height Balance","isPartOf":{"@id":"https:\/\/hoehenbalance.com\/#website"},"datePublished":"2024-09-21T18:12:19+00:00","dateModified":"2024-09-21T18:55:28+00:00","breadcrumb":{"@id":"https:\/\/hoehenbalance.com\/liefer-und-zahlungsbedingungen\/#breadcrumb"},"inLanguage":"en-US","potentialAction":[{"@type":"ReadAction","target":["https:\/\/hoehenbalance.com\/liefer-und-zahlungsbedingungen\/"]}]},{"@type":"BreadcrumbList","@id":"https:\/\/hoehenbalance.com\/liefer-und-zahlungsbedingungen\/#breadcrumb","itemListElement":[{"@type":"ListItem","position":1,"name":"Startseite","item":"https:\/\/hoehenbalance.com\/"},{"@type":"ListItem","position":2,"name":"Lieferung &amp; Zahlung"}]},{"@type":"WebSite","@id":"https:\/\/hoehenbalance.com\/#website","url":"https:\/\/hoehenbalance.com\/","name":"height balance","description":"We train your cells with the help of mountain air. A method that is used successfully in elite sports and in the treatment of a wide range of illnesses.","publisher":{"@id":"https:\/\/hoehenbalance.com\/#organization"},"potentialAction":[{"@type":"SearchAction","target":{"@type":"EntryPoint","urlTemplate":"https:\/\/hoehenbalance.com\/?s={search_term_string}"},"query-input":{"@type":"PropertyValueSpecification","valueRequired":true,"valueName":"search_term_string"}}],"inLanguage":"en-US"},{"@type":"Organization","@id":"https:\/\/hoehenbalance.com\/#organization","name":"height balance","url":"https:\/\/hoehenbalance.com\/","logo":{"@type":"ImageObject","inLanguage":"en-US","@id":"https:\/\/hoehenbalance.com\/#\/schema\/logo\/image\/","url":"https:\/\/hoehenbalance.com\/wp-content\/uploads\/2024\/09\/logo_footer-1.png","contentUrl":"https:\/\/hoehenbalance.com\/wp-content\/uploads\/2024\/09\/logo_footer-1.png","width":1000,"height":400,"caption":"H\u00f6henbalance"},"image":{"@id":"https:\/\/hoehenbalance.com\/#\/schema\/logo\/image\/"},"sameAs":["https:\/\/www.facebook.com\/hoehenbalance","https:\/\/www.xing.com\/profile\/Harry_Mutschler","https:\/\/www.instagram.com\/hoehenbalance\/"]}]}},"_links":{"self":[{"href":"https:\/\/hoehenbalance.com\/en\/wp-json\/wp\/v2\/pages\/475","targetHints":{"allow":["GET"]}}],"collection":[{"href":"https:\/\/hoehenbalance.com\/en\/wp-json\/wp\/v2\/pages"}],"about":[{"href":"https:\/\/hoehenbalance.com\/en\/wp-json\/wp\/v2\/types\/page"}],"author":[{"embeddable":true,"href":"https:\/\/hoehenbalance.com\/en\/wp-json\/wp\/v2\/users\/1"}],"replies":[{"embeddable":true,"href":"https:\/\/hoehenbalance.com\/en\/wp-json\/wp\/v2\/comments?post=475"}],"version-history":[{"count":3,"href":"https:\/\/hoehenbalance.com\/en\/wp-json\/wp\/v2\/pages\/475\/revisions"}],"predecessor-version":[{"id":542,"href":"https:\/\/hoehenbalance.com\/en\/wp-json\/wp\/v2\/pages\/475\/revisions\/542"}],"wp:attachment":[{"href":"https:\/\/hoehenbalance.com\/en\/wp-json\/wp\/v2\/media?parent=475"}],"curies":[{"name":"wp","href":"https:\/\/api.w.org\/{rel}","templated":true}]}}