{"id":489,"date":"2024-09-21T20:20:10","date_gmt":"2024-09-21T18:20:10","guid":{"rendered":"https:\/\/hoehenbalance.com\/?page_id=489"},"modified":"2025-06-12T11:51:52","modified_gmt":"2025-06-12T09:51:52","slug":"kontakt","status":"publish","type":"page","link":"https:\/\/hoehenbalance.com\/en\/kontakt\/","title":{"rendered":"contact"},"content":{"rendered":"<div data-elementor-type=\"wp-page\" data-elementor-id=\"489\" class=\"elementor elementor-489\" data-elementor-post-type=\"page\">\n\t\t\t\t<div class=\"elementor-element elementor-element-dc503d1 e-con-full e-flex e-con e-parent\" data-id=\"dc503d1\" data-element_type=\"container\">\n\t\t\t\t<div class=\"elementor-element elementor-element-215b3e2 elementor-widget elementor-widget-heading\" data-id=\"215b3e2\" data-element_type=\"widget\" data-settings=\"{&quot;_animation&quot;:&quot;none&quot;}\" data-widget_type=\"heading.default\">\n\t\t\t\t<div class=\"elementor-widget-container\">\n\t\t\t\t\t<h1 class=\"elementor-heading-title elementor-size-default\">contact<\/h1>\t\t\t\t<\/div>\n\t\t\t\t<\/div>\n\t\t\t\t<div class=\"elementor-element elementor-element-d9b8ace elementor-widget elementor-widget-text-editor\" data-id=\"d9b8ace\" data-element_type=\"widget\" data-settings=\"{&quot;_animation&quot;:&quot;none&quot;}\" data-widget_type=\"text-editor.default\">\n\t\t\t\t<div class=\"elementor-widget-container\">\n\t\t\t\t\t\t\t\t\t<p>Thank you for your interest in our products and concepts.<\/p><p>Simply fill out the contact form and we will get back to you promptly.<\/p>\t\t\t\t\t\t\t\t<\/div>\n\t\t\t\t<\/div>\n\t\t\t\t<\/div>\n\t\t<div class=\"elementor-element elementor-element-25b4540 e-con-full e-flex e-con e-parent\" data-id=\"25b4540\" data-element_type=\"container\">\n\t\t<div class=\"elementor-element elementor-element-b562691 e-con-full e-flex e-con e-child\" data-id=\"b562691\" data-element_type=\"container\">\n\t\t\t\t<div class=\"elementor-element elementor-element-f89820c elementor-widget__width-inherit elementor-widget elementor-widget-shortcode\" data-id=\"f89820c\" data-element_type=\"widget\" data-widget_type=\"shortcode.default\">\n\t\t\t\t<div class=\"elementor-widget-container\">\n\t\t\t\t\t\t\t<div class=\"elementor-shortcode\"><div id=\"zf_div_RRwwxoO7Dg-fKq_MPuUrfBPa5TM9DG8dXFWjMkWvrqY\"><\/div>\n<script type=\"text\/javascript\">\n(function () {\n  try {\n    var f = document.createElement(\"iframe\");\n\n    \/\/ Check if URL contains \/en\/ to load English version\n    var isEnglish = window.location.pathname.includes(\"\/en\/\");\n\n    \/\/ Set form URL\n    var baseUrl = 'https:\/\/forms.zohopublic.eu\/hoehenbalance\/form\/HhenbalanceGmbHWebsiteForm\/formperma\/RRwwxoO7Dg-fKq_MPuUrfBPa5TM9DG8dXFWjMkWvrqY';\n    var fullUrl = isEnglish ? baseUrl + '?zf_rszfm=1' : baseUrl + '?zf_lang=de&zf_rszfm=1';\n    f.src = fullUrl;\n\n    \/\/ Style iframe\n    f.style.border = \"none\";\n    f.style.height = \"715px\";\n    f.style.width = \"100%\";\n    f.style.transition = \"all 0.5s ease\";\n    f.setAttribute(\"aria-label\", 'Kontaktformular');\n\n    \/\/ Add iframe to page\n    var d = document.getElementById(\"zf_div_RRwwxoO7Dg-fKq_MPuUrfBPa5TM9DG8dXFWjMkWvrqY\");\n    d.appendChild(f);\n\n    \/\/ Resize listener\n    window.addEventListener('message', function () {\n      var evntData = event.data;\n      if (evntData && evntData.constructor == String) {\n        var zf_ifrm_data = evntData.split(\"|\");\n        if (zf_ifrm_data.length == 2 || zf_ifrm_data.length == 3) {\n          var zf_perma = zf_ifrm_data[0];\n          var zf_ifrm_ht_nw = (parseInt(zf_ifrm_data[1], 10) + 15) + \"px\";\n          var iframe = d.getElementsByTagName(\"iframe\")[0];\n          if ((iframe.src).indexOf('formperma') > 0 && (iframe.src).indexOf(zf_perma) > 0) {\n            var prevIframeHeight = iframe.style.height;\n            var zf_tout = false;\n            if (zf_ifrm_data.length == 3) {\n              iframe.scrollIntoView();\n              zf_tout = true;\n            }\n            if (prevIframeHeight != zf_ifrm_ht_nw) {\n              if (zf_tout) {\n                setTimeout(function () {\n                  iframe.style.height = zf_ifrm_ht_nw;\n                }, 500);\n              } else {\n                iframe.style.height = zf_ifrm_ht_nw;\n              }\n            }\n          }\n        }\n      }\n    }, false);\n  } catch (e) {}\n})();\n<\/script>\n<\/div>\n\t\t\t\t\t\t<\/div>\n\t\t\t\t<\/div>\n\t\t\t\t<\/div>\n\t\t\t\t<\/div>\n\t\t<div class=\"elementor-element elementor-element-543eb85 e-flex e-con-boxed e-con e-child\" data-id=\"543eb85\" data-element_type=\"container\" data-settings=\"{&quot;animation&quot;:&quot;none&quot;}\">\n\t\t\t\t\t<div class=\"e-con-inner\">\n\t\t<div class=\"elementor-element elementor-element-831ffba e-con-full e-flex e-con e-child\" data-id=\"831ffba\" data-element_type=\"container\" data-settings=\"{&quot;background_background&quot;:&quot;classic&quot;,&quot;animation&quot;:&quot;none&quot;}\">\n\t\t\t\t<div class=\"elementor-element elementor-element-ce4eec3 elementor-widget elementor-widget-image\" data-id=\"ce4eec3\" data-element_type=\"widget\" data-settings=\"{&quot;_animation&quot;:&quot;none&quot;}\" data-widget_type=\"image.default\">\n\t\t\t\t<div class=\"elementor-widget-container\">\n\t\t\t\t\t\t\t\t\t\t\t\t\t\t\t\t<a href=\"#\">\n\t\t\t\t\t\t\t<img fetchpriority=\"high\" decoding=\"async\" width=\"500\" height=\"333\" src=\"https:\/\/hoehenbalance.com\/wp-content\/uploads\/2024\/09\/harry_mutschler.png\" class=\"attachment-full size-full wp-image-329\" alt=\"\" srcset=\"https:\/\/hoehenbalance.com\/wp-content\/uploads\/2024\/09\/harry_mutschler.png 500w, https:\/\/hoehenbalance.com\/wp-content\/uploads\/2024\/09\/harry_mutschler-300x200.png 300w\" sizes=\"(max-width: 500px) 100vw, 500px\" \/>\t\t\t\t\t\t\t\t<\/a>\n\t\t\t\t\t\t\t\t\t\t\t\t\t\t\t<\/div>\n\t\t\t\t<\/div>\n\t\t\t\t<div class=\"elementor-element elementor-element-da6c9f2 elementor-absolute elementor-icon-list--layout-traditional elementor-list-item-link-full_width elementor-widget elementor-widget-icon-list\" data-id=\"da6c9f2\" data-element_type=\"widget\" data-settings=\"{&quot;_position&quot;:&quot;absolute&quot;,&quot;_animation&quot;:&quot;none&quot;}\" data-widget_type=\"icon-list.default\">\n\t\t\t\t<div class=\"elementor-widget-container\">\n\t\t\t\t\t\t\t<ul class=\"elementor-icon-list-items\">\n\t\t\t\t\t\t\t<li class=\"elementor-icon-list-item\">\n\t\t\t\t\t\t\t\t\t\t<span class=\"elementor-icon-list-text\">YOUR CELL OPTIMISER<\/span>\n\t\t\t\t\t\t\t\t\t<\/li>\n\t\t\t\t\t\t<\/ul>\n\t\t\t\t\t\t<\/div>\n\t\t\t\t<\/div>\n\t\t<div class=\"elementor-element elementor-element-34858e4 e-con-full e-flex e-con e-child\" data-id=\"34858e4\" data-element_type=\"container\" data-settings=\"{&quot;animation&quot;:&quot;none&quot;}\">\n\t\t\t\t<div class=\"elementor-element elementor-element-7ba78b2 elementor-widget elementor-widget-heading\" data-id=\"7ba78b2\" data-element_type=\"widget\" data-settings=\"{&quot;_animation&quot;:&quot;none&quot;}\" data-widget_type=\"heading.default\">\n\t\t\t\t<div class=\"elementor-widget-container\">\n\t\t\t\t\t<h5 class=\"elementor-heading-title elementor-size-default\">Harry Mutschler<\/h5>\t\t\t\t<\/div>\n\t\t\t\t<\/div>\n\t\t<div class=\"elementor-element elementor-element-29f1f0c e-con-full e-flex e-con e-child\" data-id=\"29f1f0c\" data-element_type=\"container\" data-settings=\"{&quot;animation&quot;:&quot;none&quot;}\">\n\t\t\t\t<div class=\"elementor-element elementor-element-7a8ca25 elementor-widget__width-initial elementor-widget-tablet__width-inherit elementor-icon-list--layout-traditional elementor-list-item-link-full_width elementor-widget elementor-widget-icon-list\" data-id=\"7a8ca25\" data-element_type=\"widget\" data-settings=\"{&quot;_animation&quot;:&quot;none&quot;}\" data-widget_type=\"icon-list.default\">\n\t\t\t\t<div class=\"elementor-widget-container\">\n\t\t\t\t\t\t\t<ul class=\"elementor-icon-list-items\">\n\t\t\t\t\t\t\t<li class=\"elementor-icon-list-item\">\n\t\t\t\t\t\t\t\t\t\t<span class=\"elementor-icon-list-text\">founder and CEO<\/span>\n\t\t\t\t\t\t\t\t\t<\/li>\n\t\t\t\t\t\t<\/ul>\n\t\t\t\t\t\t<\/div>\n\t\t\t\t<\/div>\n\t\t\t\t<\/div>\n\t\t\t\t<div class=\"elementor-element elementor-element-36d5c2c elementor-widget-divider--view-line elementor-widget elementor-widget-divider\" data-id=\"36d5c2c\" data-element_type=\"widget\" data-settings=\"{&quot;_animation&quot;:&quot;none&quot;}\" data-widget_type=\"divider.default\">\n\t\t\t\t<div class=\"elementor-widget-container\">\n\t\t\t\t\t\t\t<div class=\"elementor-divider\">\n\t\t\t<span class=\"elementor-divider-separator\">\n\t\t\t\t\t\t<\/span>\n\t\t<\/div>\n\t\t\t\t\t\t<\/div>\n\t\t\t\t<\/div>\n\t\t<div class=\"elementor-element elementor-element-f301597 e-con-full e-flex e-con e-child\" data-id=\"f301597\" data-element_type=\"container\" data-settings=\"{&quot;animation&quot;:&quot;none&quot;}\">\n\t\t\t\t<div class=\"elementor-element elementor-element-912beca elementor-widget elementor-widget-text-editor\" data-id=\"912beca\" data-element_type=\"widget\" data-settings=\"{&quot;_animation&quot;:&quot;none&quot;}\" data-widget_type=\"text-editor.default\">\n\t\t\t\t<div class=\"elementor-widget-container\">\n\t\t\t\t\t\t\t\t\t<h6 class=\"fusion-responsive-typography-calculated\" data-fontsize=\"28\" data-lineheight=\"44.8px\"><em>graduate sports scientist<\/em><\/h6><p>&quot;I discovered the topic of high altitude air training through a long-time friend. Convinced by the concept of using high altitude air as an innovative and sustainable solution in training and therapy, I imported the first devices from the USA. I am, so to speak, the pioneer of high altitude air in Europe.&quot;<\/p>\t\t\t\t\t\t\t\t<\/div>\n\t\t\t\t<\/div>\n\t\t\t\t<\/div>\n\t\t\t\t<\/div>\n\t\t\t\t<\/div>\n\t\t<div class=\"elementor-element elementor-element-14b50ae e-con-full e-flex e-con e-child\" data-id=\"14b50ae\" data-element_type=\"container\" data-settings=\"{&quot;background_background&quot;:&quot;classic&quot;,&quot;animation&quot;:&quot;none&quot;}\">\n\t\t\t\t<div class=\"elementor-element elementor-element-5b393db elementor-widget elementor-widget-image\" data-id=\"5b393db\" data-element_type=\"widget\" data-settings=\"{&quot;_animation&quot;:&quot;none&quot;}\" data-widget_type=\"image.default\">\n\t\t\t\t<div class=\"elementor-widget-container\">\n\t\t\t\t\t\t\t\t\t\t\t\t\t\t\t\t<a href=\"#\">\n\t\t\t\t\t\t\t<img decoding=\"async\" width=\"500\" height=\"333\" src=\"https:\/\/hoehenbalance.com\/wp-content\/uploads\/2024\/09\/nicole_mutschler.png\" class=\"attachment-full size-full wp-image-330\" alt=\"\" srcset=\"https:\/\/hoehenbalance.com\/wp-content\/uploads\/2024\/09\/nicole_mutschler.png 500w, https:\/\/hoehenbalance.com\/wp-content\/uploads\/2024\/09\/nicole_mutschler-300x200.png 300w\" sizes=\"(max-width: 500px) 100vw, 500px\" \/>\t\t\t\t\t\t\t\t<\/a>\n\t\t\t\t\t\t\t\t\t\t\t\t\t\t\t<\/div>\n\t\t\t\t<\/div>\n\t\t\t\t<div class=\"elementor-element elementor-element-5e83802 elementor-absolute elementor-icon-list--layout-traditional elementor-list-item-link-full_width elementor-widget elementor-widget-icon-list\" data-id=\"5e83802\" data-element_type=\"widget\" data-settings=\"{&quot;_position&quot;:&quot;absolute&quot;,&quot;_animation&quot;:&quot;none&quot;}\" data-widget_type=\"icon-list.default\">\n\t\t\t\t<div class=\"elementor-widget-container\">\n\t\t\t\t\t\t\t<ul class=\"elementor-icon-list-items\">\n\t\t\t\t\t\t\t<li class=\"elementor-icon-list-item\">\n\t\t\t\t\t\t\t\t\t\t<span class=\"elementor-icon-list-text\">YOUR CELL OPTIMISER<\/span>\n\t\t\t\t\t\t\t\t\t<\/li>\n\t\t\t\t\t\t<\/ul>\n\t\t\t\t\t\t<\/div>\n\t\t\t\t<\/div>\n\t\t<div class=\"elementor-element elementor-element-d00bd3a e-con-full e-flex e-con e-child\" data-id=\"d00bd3a\" data-element_type=\"container\" data-settings=\"{&quot;animation&quot;:&quot;none&quot;}\">\n\t\t\t\t<div class=\"elementor-element elementor-element-c818ec8 elementor-widget elementor-widget-heading\" data-id=\"c818ec8\" data-element_type=\"widget\" data-widget_type=\"heading.default\">\n\t\t\t\t<div class=\"elementor-widget-container\">\n\t\t\t\t\t<h5 class=\"elementor-heading-title elementor-size-default\">Nicole Mutschler<\/h5>\t\t\t\t<\/div>\n\t\t\t\t<\/div>\n\t\t<div class=\"elementor-element elementor-element-a0f07d7 e-con-full e-flex e-con e-child\" data-id=\"a0f07d7\" data-element_type=\"container\">\n\t\t\t\t<div class=\"elementor-element elementor-element-72a3343 elementor-widget__width-initial elementor-widget-tablet__width-inherit elementor-icon-list--layout-traditional elementor-list-item-link-full_width elementor-widget elementor-widget-icon-list\" data-id=\"72a3343\" data-element_type=\"widget\" data-widget_type=\"icon-list.default\">\n\t\t\t\t<div class=\"elementor-widget-container\">\n\t\t\t\t\t\t\t<ul class=\"elementor-icon-list-items\">\n\t\t\t\t\t\t\t<li class=\"elementor-icon-list-item\">\n\t\t\t\t\t\t\t\t\t\t<span class=\"elementor-icon-list-text\">managing director<\/span>\n\t\t\t\t\t\t\t\t\t<\/li>\n\t\t\t\t\t\t<\/ul>\n\t\t\t\t\t\t<\/div>\n\t\t\t\t<\/div>\n\t\t\t\t<\/div>\n\t\t\t\t<div class=\"elementor-element elementor-element-5805c51 elementor-widget-divider--view-line elementor-widget elementor-widget-divider\" data-id=\"5805c51\" data-element_type=\"widget\" data-widget_type=\"divider.default\">\n\t\t\t\t<div class=\"elementor-widget-container\">\n\t\t\t\t\t\t\t<div class=\"elementor-divider\">\n\t\t\t<span class=\"elementor-divider-separator\">\n\t\t\t\t\t\t<\/span>\n\t\t<\/div>\n\t\t\t\t\t\t<\/div>\n\t\t\t\t<\/div>\n\t\t<div class=\"elementor-element elementor-element-9810b16 e-con-full e-flex e-con e-child\" data-id=\"9810b16\" data-element_type=\"container\">\n\t\t\t\t<div class=\"elementor-element elementor-element-6378e54 elementor-widget elementor-widget-text-editor\" data-id=\"6378e54\" data-element_type=\"widget\" data-widget_type=\"text-editor.default\">\n\t\t\t\t<div class=\"elementor-widget-container\">\n\t\t\t\t\t\t\t\t\t<p>&quot;During my time at FormMed HealthCare AG, I learned about altitude balance and quickly realized that altitude training will have a firm place in the future health market.&quot;<\/p>\t\t\t\t\t\t\t\t<\/div>\n\t\t\t\t<\/div>\n\t\t\t\t<\/div>\n\t\t\t\t<\/div>\n\t\t\t\t<div class=\"elementor-element elementor-element-8ad572e elementor-widget elementor-widget-spacer\" data-id=\"8ad572e\" data-element_type=\"widget\" data-settings=\"{&quot;_animation&quot;:&quot;none&quot;}\" data-widget_type=\"spacer.default\">\n\t\t\t\t<div class=\"elementor-widget-container\">\n\t\t\t\t\t\t\t<div class=\"elementor-spacer\">\n\t\t\t<div class=\"elementor-spacer-inner\"><\/div>\n\t\t<\/div>\n\t\t\t\t\t\t<\/div>\n\t\t\t\t<\/div>\n\t\t\t\t<\/div>\n\t\t\t\t\t<\/div>\n\t\t\t\t<\/div>\n\t\t\t\t<\/div>","protected":false},"excerpt":{"rendered":"<p>Contact Thank you for your interest in our products and concepts. Simply fill out the contact form, and we&#039;ll get back to you promptly. YOUR CELL OPTIMIZER Harry Mutschler Founder and CEO Sports Scientist &quot;I discovered the topic of high-altitude training through a long-time friend. Convinced by the concept of high-altitude air as an innovative and sustainable solution for training and therapy [...]<\/p>","protected":false},"author":1,"featured_media":0,"parent":0,"menu_order":0,"comment_status":"closed","ping_status":"closed","template":"","meta":{"postBodyCss":"","postBodyMargin":[],"postBodyPadding":[],"postBodyBackground":{"backgroundType":"classic","gradient":""},"footnotes":""},"class_list":["post-489","page","type-page","status-publish","hentry"],"yoast_head":"<!-- This site is optimized with the Yoast SEO plugin v26.6 - https:\/\/yoast.com\/wordpress\/plugins\/seo\/ -->\n<title>Kontakt - H\u00f6henbalance<\/title>\n<meta name=\"robots\" content=\"index, follow, max-snippet:-1, max-image-preview:large, max-video-preview:-1\" \/>\n<link rel=\"canonical\" href=\"https:\/\/hoehenbalance.com\/en\/kontakt\/\" \/>\n<meta property=\"og:locale\" content=\"en_US\" \/>\n<meta property=\"og:type\" content=\"article\" \/>\n<meta property=\"og:title\" content=\"Kontakt - H\u00f6henbalance\" \/>\n<meta property=\"og:description\" content=\"Kontakt Vielen Dank f\u00fcr Dein Interesse an unseren Produkten und Konzepten. Einfach das Kontaktformular ausf\u00fcllen, dann wir melden uns zeitnah bei Dir. IHR ZELLOPTIMIERER Harry Mutschler Gr\u00fcnder und CEO Dipl.-Sportwisschenschaftler \u201eDurch einen langj\u00e4hrigen Freund bin ich auf das Thema H\u00f6henlufttraining gesto\u00dfen. \u00dcberzeugt von dem Konzept, H\u00f6henluft als innovative und nachhaltige L\u00f6sung im Training und Therapie [&hellip;]\" \/>\n<meta property=\"og:url\" content=\"https:\/\/hoehenbalance.com\/en\/kontakt\/\" \/>\n<meta property=\"og:site_name\" content=\"H\u00f6henbalance\" \/>\n<meta property=\"article:publisher\" content=\"https:\/\/www.facebook.com\/hoehenbalance\" \/>\n<meta property=\"article:modified_time\" content=\"2025-06-12T09:51:52+00:00\" \/>\n<meta property=\"og:image\" content=\"https:\/\/hoehenbalance.com\/wp-content\/uploads\/2024\/09\/harry_mutschler.png\" \/>\n\t<meta property=\"og:image:width\" content=\"500\" \/>\n\t<meta property=\"og:image:height\" content=\"333\" \/>\n\t<meta property=\"og:image:type\" content=\"image\/png\" \/>\n<meta name=\"twitter:card\" content=\"summary_large_image\" \/>\n<meta name=\"twitter:label1\" content=\"Est. reading time\" \/>\n\t<meta name=\"twitter:data1\" content=\"1 minute\" \/>\n<script type=\"application\/ld+json\" class=\"yoast-schema-graph\">{\"@context\":\"https:\/\/schema.org\",\"@graph\":[{\"@type\":\"WebPage\",\"@id\":\"https:\/\/hoehenbalance.com\/kontakt\/\",\"url\":\"https:\/\/hoehenbalance.com\/kontakt\/\",\"name\":\"Kontakt - H\u00f6henbalance\",\"isPartOf\":{\"@id\":\"https:\/\/hoehenbalance.com\/#website\"},\"primaryImageOfPage\":{\"@id\":\"https:\/\/hoehenbalance.com\/kontakt\/#primaryimage\"},\"image\":{\"@id\":\"https:\/\/hoehenbalance.com\/kontakt\/#primaryimage\"},\"thumbnailUrl\":\"https:\/\/hoehenbalance.com\/wp-content\/uploads\/2024\/09\/harry_mutschler.png\",\"datePublished\":\"2024-09-21T18:20:10+00:00\",\"dateModified\":\"2025-06-12T09:51:52+00:00\",\"breadcrumb\":{\"@id\":\"https:\/\/hoehenbalance.com\/kontakt\/#breadcrumb\"},\"inLanguage\":\"en-US\",\"potentialAction\":[{\"@type\":\"ReadAction\",\"target\":[\"https:\/\/hoehenbalance.com\/kontakt\/\"]}]},{\"@type\":\"ImageObject\",\"inLanguage\":\"en-US\",\"@id\":\"https:\/\/hoehenbalance.com\/kontakt\/#primaryimage\",\"url\":\"https:\/\/hoehenbalance.com\/wp-content\/uploads\/2024\/09\/harry_mutschler.png\",\"contentUrl\":\"https:\/\/hoehenbalance.com\/wp-content\/uploads\/2024\/09\/harry_mutschler.png\"},{\"@type\":\"BreadcrumbList\",\"@id\":\"https:\/\/hoehenbalance.com\/kontakt\/#breadcrumb\",\"itemListElement\":[{\"@type\":\"ListItem\",\"position\":1,\"name\":\"Startseite\",\"item\":\"https:\/\/hoehenbalance.com\/\"},{\"@type\":\"ListItem\",\"position\":2,\"name\":\"Kontakt\"}]},{\"@type\":\"WebSite\",\"@id\":\"https:\/\/hoehenbalance.com\/#website\",\"url\":\"https:\/\/hoehenbalance.com\/\",\"name\":\"H\u00f6henbalance\",\"description\":\"Wir trainieren deine Zellen mit Hilfe von H\u00f6henluft. Eine Methode, die erfolgreich im Spitzensport und der Therapie verschiedenster Krankheitsbildern eingesetzt wird.\",\"publisher\":{\"@id\":\"https:\/\/hoehenbalance.com\/#organization\"},\"potentialAction\":[{\"@type\":\"SearchAction\",\"target\":{\"@type\":\"EntryPoint\",\"urlTemplate\":\"https:\/\/hoehenbalance.com\/?s={search_term_string}\"},\"query-input\":{\"@type\":\"PropertyValueSpecification\",\"valueRequired\":true,\"valueName\":\"search_term_string\"}}],\"inLanguage\":\"en-US\"},{\"@type\":\"Organization\",\"@id\":\"https:\/\/hoehenbalance.com\/#organization\",\"name\":\"H\u00f6henbalance\",\"url\":\"https:\/\/hoehenbalance.com\/\",\"logo\":{\"@type\":\"ImageObject\",\"inLanguage\":\"en-US\",\"@id\":\"https:\/\/hoehenbalance.com\/#\/schema\/logo\/image\/\",\"url\":\"https:\/\/hoehenbalance.com\/wp-content\/uploads\/2024\/09\/logo_footer-1.png\",\"contentUrl\":\"https:\/\/hoehenbalance.com\/wp-content\/uploads\/2024\/09\/logo_footer-1.png\",\"width\":1000,\"height\":400,\"caption\":\"H\u00f6henbalance\"},\"image\":{\"@id\":\"https:\/\/hoehenbalance.com\/#\/schema\/logo\/image\/\"},\"sameAs\":[\"https:\/\/www.facebook.com\/hoehenbalance\",\"https:\/\/www.xing.com\/profile\/Harry_Mutschler\",\"https:\/\/www.instagram.com\/hoehenbalance\/\"]}]}<\/script>\n<!-- \/ Yoast SEO plugin. -->","yoast_head_json":{"title":"Contact - Height Balance","robots":{"index":"index","follow":"follow","max-snippet":"max-snippet:-1","max-image-preview":"max-image-preview:large","max-video-preview":"max-video-preview:-1"},"canonical":"https:\/\/hoehenbalance.com\/en\/kontakt\/","og_locale":"en_US","og_type":"article","og_title":"Kontakt - H\u00f6henbalance","og_description":"Kontakt Vielen Dank f\u00fcr Dein Interesse an unseren Produkten und Konzepten. Einfach das Kontaktformular ausf\u00fcllen, dann wir melden uns zeitnah bei Dir. IHR ZELLOPTIMIERER Harry Mutschler Gr\u00fcnder und CEO Dipl.-Sportwisschenschaftler \u201eDurch einen langj\u00e4hrigen Freund bin ich auf das Thema H\u00f6henlufttraining gesto\u00dfen. \u00dcberzeugt von dem Konzept, H\u00f6henluft als innovative und nachhaltige L\u00f6sung im Training und Therapie [&hellip;]","og_url":"https:\/\/hoehenbalance.com\/en\/kontakt\/","og_site_name":"H\u00f6henbalance","article_publisher":"https:\/\/www.facebook.com\/hoehenbalance","article_modified_time":"2025-06-12T09:51:52+00:00","og_image":[{"width":500,"height":333,"url":"https:\/\/hoehenbalance.com\/wp-content\/uploads\/2024\/09\/harry_mutschler.png","type":"image\/png"}],"twitter_card":"summary_large_image","twitter_misc":{"Est. reading time":"1 minute"},"schema":{"@context":"https:\/\/schema.org","@graph":[{"@type":"WebPage","@id":"https:\/\/hoehenbalance.com\/kontakt\/","url":"https:\/\/hoehenbalance.com\/kontakt\/","name":"Contact - Height Balance","isPartOf":{"@id":"https:\/\/hoehenbalance.com\/#website"},"primaryImageOfPage":{"@id":"https:\/\/hoehenbalance.com\/kontakt\/#primaryimage"},"image":{"@id":"https:\/\/hoehenbalance.com\/kontakt\/#primaryimage"},"thumbnailUrl":"https:\/\/hoehenbalance.com\/wp-content\/uploads\/2024\/09\/harry_mutschler.png","datePublished":"2024-09-21T18:20:10+00:00","dateModified":"2025-06-12T09:51:52+00:00","breadcrumb":{"@id":"https:\/\/hoehenbalance.com\/kontakt\/#breadcrumb"},"inLanguage":"en-US","potentialAction":[{"@type":"ReadAction","target":["https:\/\/hoehenbalance.com\/kontakt\/"]}]},{"@type":"ImageObject","inLanguage":"en-US","@id":"https:\/\/hoehenbalance.com\/kontakt\/#primaryimage","url":"https:\/\/hoehenbalance.com\/wp-content\/uploads\/2024\/09\/harry_mutschler.png","contentUrl":"https:\/\/hoehenbalance.com\/wp-content\/uploads\/2024\/09\/harry_mutschler.png"},{"@type":"BreadcrumbList","@id":"https:\/\/hoehenbalance.com\/kontakt\/#breadcrumb","itemListElement":[{"@type":"ListItem","position":1,"name":"Startseite","item":"https:\/\/hoehenbalance.com\/"},{"@type":"ListItem","position":2,"name":"Kontakt"}]},{"@type":"WebSite","@id":"https:\/\/hoehenbalance.com\/#website","url":"https:\/\/hoehenbalance.com\/","name":"height balance","description":"We train your cells with the help of mountain air. A method that is used successfully in elite sports and in the treatment of a wide range of illnesses.","publisher":{"@id":"https:\/\/hoehenbalance.com\/#organization"},"potentialAction":[{"@type":"SearchAction","target":{"@type":"EntryPoint","urlTemplate":"https:\/\/hoehenbalance.com\/?s={search_term_string}"},"query-input":{"@type":"PropertyValueSpecification","valueRequired":true,"valueName":"search_term_string"}}],"inLanguage":"en-US"},{"@type":"Organization","@id":"https:\/\/hoehenbalance.com\/#organization","name":"height balance","url":"https:\/\/hoehenbalance.com\/","logo":{"@type":"ImageObject","inLanguage":"en-US","@id":"https:\/\/hoehenbalance.com\/#\/schema\/logo\/image\/","url":"https:\/\/hoehenbalance.com\/wp-content\/uploads\/2024\/09\/logo_footer-1.png","contentUrl":"https:\/\/hoehenbalance.com\/wp-content\/uploads\/2024\/09\/logo_footer-1.png","width":1000,"height":400,"caption":"H\u00f6henbalance"},"image":{"@id":"https:\/\/hoehenbalance.com\/#\/schema\/logo\/image\/"},"sameAs":["https:\/\/www.facebook.com\/hoehenbalance","https:\/\/www.xing.com\/profile\/Harry_Mutschler","https:\/\/www.instagram.com\/hoehenbalance\/"]}]}},"_links":{"self":[{"href":"https:\/\/hoehenbalance.com\/en\/wp-json\/wp\/v2\/pages\/489","targetHints":{"allow":["GET"]}}],"collection":[{"href":"https:\/\/hoehenbalance.com\/en\/wp-json\/wp\/v2\/pages"}],"about":[{"href":"https:\/\/hoehenbalance.com\/en\/wp-json\/wp\/v2\/types\/page"}],"author":[{"embeddable":true,"href":"https:\/\/hoehenbalance.com\/en\/wp-json\/wp\/v2\/users\/1"}],"replies":[{"embeddable":true,"href":"https:\/\/hoehenbalance.com\/en\/wp-json\/wp\/v2\/comments?post=489"}],"version-history":[{"count":73,"href":"https:\/\/hoehenbalance.com\/en\/wp-json\/wp\/v2\/pages\/489\/revisions"}],"predecessor-version":[{"id":2799,"href":"https:\/\/hoehenbalance.com\/en\/wp-json\/wp\/v2\/pages\/489\/revisions\/2799"}],"wp:attachment":[{"href":"https:\/\/hoehenbalance.com\/en\/wp-json\/wp\/v2\/media?parent=489"}],"curies":[{"name":"wp","href":"https:\/\/api.w.org\/{rel}","templated":true}]}}